{"id":1684,"date":"2024-09-05T14:34:45","date_gmt":"2024-09-05T12:34:45","guid":{"rendered":"https:\/\/miraizenlegal.com\/conditions-dutilisation\/"},"modified":"2025-12-02T11:13:21","modified_gmt":"2025-12-02T10:13:21","slug":"conditions-dutilisation","status":"publish","type":"page","link":"https:\/\/miraizenlegal.com\/fr\/conditions-dutilisation\/","title":{"rendered":"Conditions d&rsquo;utilisation"},"content":{"rendered":"\n<p>Conform\u00e9ment aux dispositions de la r\u00e9glementation applicable, il est pr\u00e9cis\u00e9 que le pr\u00e9sent site web est la <strong>propri\u00e9t\u00e9<\/strong> de LOS SITIOS ABOGADOS, S.L., dont le NIF est B99143588, et dont le si\u00e8ge social est situ\u00e9 C\/ M\u00e1rtires, 2, 5\u00aa Planta. 50.003 Saragosse, <a href=\"mailto:info@miraizenlegal.com\">info@miraizenlegal.com<\/a>.  <\/p>\n\n<p>Ce site web a \u00e9t\u00e9 cr\u00e9\u00e9 dans le <strong>but<\/strong> d&rsquo;offrir des informations g\u00e9n\u00e9rales sur les services fournis par LOS SITIOS ABOGADOS, S.L., ainsi que de faciliter la communication avec l&rsquo;entreprise via le formulaire de contact.<\/p>\n\n<p>Javier P\u00e9rez Villa est titulaire d&rsquo;une licence en droit de l&rsquo;Universit\u00e9 de Saragosse et avocat inscrit au barreau n\u00ba 4.134 du Real e Ilustre Colegio de Abogados de Zaragoza. <\/p>\n\n<p>En tant que professionnel inscrit au barreau, son activit\u00e9 professionnelle est soumise au Statut g\u00e9n\u00e9ral de la profession d&rsquo;avocat espagnole et au Code de d\u00e9ontologie de la profession d&rsquo;avocat espagnole. <\/p>\n\n<p><strong>Aucun service n&rsquo;est fourni en ligne<\/strong> via le pr\u00e9sent site web.<\/p>\n\n<p>Tous les contenus de ce site web, y compris les textes, images, graphiques, logos et tout autre mat\u00e9riel susceptible d&rsquo;\u00eatre prot\u00e9g\u00e9 par des droits de <strong>propri\u00e9t\u00e9 intellectuelle ou industrielle<\/strong>, sont la propri\u00e9t\u00e9 de LOS SITIOS ABOGADOS, S.L. ou, le cas \u00e9ch\u00e9ant, de tiers ayant autoris\u00e9 leur utilisation. La reproduction, la distribution, la communication publique et la transformation de tout ou partie de ces contenus sont interdites sans l&rsquo;autorisation expresse des titulaires des droits. <\/p>\n\n<p>Nonobstant ce qui pr\u00e9c\u00e8de, le contenu du blog (les articles publi\u00e9s) est soumis \u00e0 la licence <a href=\"https:\/\/creativecommons.org\/licenses\/by-sa\/4.0\/deed.es\" target=\"_blank\" rel=\"noopener\">Creative Commons Attribution\/Reconnaissance &#8211; Partage \u00e0 l&rsquo;identique 4.0 International<\/a>. <\/p>\n\n<p>Le propri\u00e9taire du site web <strong>ne garantit pas l&rsquo;absence d&rsquo;erreurs<\/strong> dans l&rsquo;acc\u00e8s au site web, ni dans son contenu, bien qu&rsquo;il s&rsquo;engage \u00e0 prendre toutes les mesures n\u00e9cessaires pour les \u00e9viter, les corriger ou les mettre \u00e0 jour.<\/p>\n\n<p>Le site web peut, \u00e0 un moment donn\u00e9, contenir des liens vers d&rsquo;autres sites web, qui ont leurs propres conditions g\u00e9n\u00e9rales, ind\u00e9pendantes des n\u00f4tres, et pour lesquelles nous ne sommes pas responsables. <\/p>\n\n<p>L&rsquo;utilisation du site web fait de vous un <strong>utilisateur<\/strong> et, par cons\u00e9quent, vous acceptez les conditions g\u00e9n\u00e9rales qui y figurent. <\/p>\n\n<p>Les articles publi\u00e9s sur le blog du site web ont uniquement des fins informatives et \u00e9ducatives. Ils ne constituent pas un conseil juridique et n&rsquo;\u00e9tablissent pas de relation avocat-client. Avant de prendre toute d\u00e9cision juridique ou professionnelle, nous vous recommandons de consulter soit le cabinet, soit tout autre avocat sp\u00e9cialis\u00e9. Les informations fournies sur notre blog peuvent ne pas \u00eatre \u00e0 jour ou adapt\u00e9es \u00e0 des cas sp\u00e9cifiques, et ne doivent donc pas \u00eatre utilis\u00e9es comme substitut \u00e0 un conseil juridique ou de toute autre nature.   <\/p>\n","protected":false},"excerpt":{"rendered":"<p>Conditions d&rsquo;utilisation<\/p>\n","protected":false},"author":1,"featured_media":0,"parent":0,"menu_order":0,"comment_status":"closed","ping_status":"closed","template":"","meta":{"_acf_changed":false,"_joinchat":[],"footnotes":""},"servicio":[],"class_list":["post-1684","page","type-page","status-publish","hentry"],"acf":[],"mb":[],"mfb_rest_fields":["title"],"_links":{"self":[{"href":"https:\/\/miraizenlegal.com\/fr\/wp-json\/wp\/v2\/pages\/1684","targetHints":{"allow":["GET"]}}],"collection":[{"href":"https:\/\/miraizenlegal.com\/fr\/wp-json\/wp\/v2\/pages"}],"about":[{"href":"https:\/\/miraizenlegal.com\/fr\/wp-json\/wp\/v2\/types\/page"}],"author":[{"embeddable":true,"href":"https:\/\/miraizenlegal.com\/fr\/wp-json\/wp\/v2\/users\/1"}],"replies":[{"embeddable":true,"href":"https:\/\/miraizenlegal.com\/fr\/wp-json\/wp\/v2\/comments?post=1684"}],"version-history":[{"count":1,"href":"https:\/\/miraizenlegal.com\/fr\/wp-json\/wp\/v2\/pages\/1684\/revisions"}],"predecessor-version":[{"id":1685,"href":"https:\/\/miraizenlegal.com\/fr\/wp-json\/wp\/v2\/pages\/1684\/revisions\/1685"}],"wp:attachment":[{"href":"https:\/\/miraizenlegal.com\/fr\/wp-json\/wp\/v2\/media?parent=1684"}],"wp:term":[{"taxonomy":"servicio","embeddable":true,"href":"https:\/\/miraizenlegal.com\/fr\/wp-json\/wp\/v2\/servicio?post=1684"}],"curies":[{"name":"wp","href":"https:\/\/api.w.org\/{rel}","templated":true}]}}