{"id":1704,"date":"2024-09-05T14:34:45","date_gmt":"2024-09-05T12:34:45","guid":{"rendered":"https:\/\/miraizenlegal.com\/politique-de-confidentialite\/"},"modified":"2025-12-02T11:14:06","modified_gmt":"2025-12-02T10:14:06","slug":"politique-de-confidentialite","status":"publish","type":"page","link":"https:\/\/miraizenlegal.com\/fr\/politique-de-confidentialite\/","title":{"rendered":"Politique de confidentialit\u00e9"},"content":{"rendered":"\n<p>Informations de base en conformit\u00e9 avec la r\u00e9glementation en vigueur en mati\u00e8re de protection des donn\u00e9es personnelles :<\/p>\n\n<p><strong>1. Responsable du traitement.<\/strong><\/p>\n\n<ul class=\"wp-block-list\">\n<li>Titulaire : LOS SITIOS ABOGADOS, S.L.<\/li>\n\n\n\n<li>CIF : B99143588<\/li>\n\n\n\n<li>Adresse : C\/ M\u00e1rtires, 2, 5\u00aa Planta. 50.003 Saragosse. <\/li>\n\n\n\n<li>Adresse \u00e9lectronique : <a href=\"mailto:info@miraizenlegal.com\">info@miraizenlegal.com<\/a><\/li>\n<\/ul>\n\n<p><strong>2. Donn\u00e9es collect\u00e9es.<\/strong><\/p>\n\n<p>Les seules donn\u00e9es personnelles que nous collectons via ce site web sont le nom et l&rsquo;adresse \u00e9lectronique fournis volontairement via le formulaire de contact.<\/p>\n\n<p>Nous collectons des informations au moyen de cookies, ou de m\u00e9canismes similaires, toujours avec votre consentement. Pour plus d&rsquo;informations, consultez notre Politique de cookies. <\/p>\n\n<p>La finalit\u00e9 de la collecte de ces donn\u00e9es sera de r\u00e9pondre aux demandes r\u00e9alis\u00e9es via le formulaire de contact et de r\u00e9pondre \u00e0 vos demandes d&rsquo;informations, de g\u00e9rer les commentaires du blog, de fournir le service, si vous finissez par le contracter, et de pouvoir vous envoyer le bulletin d&rsquo;information ou similaire avec nos derni\u00e8res nouveaut\u00e9s, services et produits.<\/p>\n\n<p><strong>4. Base juridique.<\/strong><\/p>\n\n<p>Les bases l\u00e9gales pour le traitement de vos donn\u00e9es sont le consentement de l&rsquo;int\u00e9ress\u00e9, notre int\u00e9r\u00eat l\u00e9gitime \u00e0 r\u00e9pondre aux demandes, le contrat, et notre int\u00e9r\u00eat l\u00e9gitime pour le marketing direct bas\u00e9 sur la relation contractuelle pr\u00e9alable. <\/p>\n\n<p><strong>5. Conservation des donn\u00e9es.<\/strong><\/p>\n\n<p>Les donn\u00e9es fournies seront conserv\u00e9es tant que la relation est maintenue, ou jusqu&rsquo;\u00e0 ce que vous demandiez leur suppression.<\/p>\n\n<p><strong>6. Destinataires des donn\u00e9es.<\/strong><\/p>\n\n<p>Les donn\u00e9es ne seront pas c\u00e9d\u00e9es \u00e0 des tiers, sauf obligation l\u00e9gale.<\/p>\n\n<p><strong>7. Droits de l&rsquo;utilisateur.<\/strong><\/p>\n\n<p>Vous avez le droit de :<\/p>\n\n<ul class=\"wp-block-list\">\n<li>Acc\u00e9der \u00e0 vos donn\u00e9es personnelles.<\/li>\n\n\n\n<li>Demander la rectification des donn\u00e9es inexactes.<\/li>\n\n\n\n<li>Demander la suppression de vos donn\u00e9es lorsque, entre autres motifs, elles ne sont plus n\u00e9cessaires aux fins pour lesquelles elles ont \u00e9t\u00e9 collect\u00e9es.<\/li>\n\n\n\n<li>Demander la limitation du traitement de vos donn\u00e9es, auquel cas nous ne les conserverons que pour l&rsquo;exercice ou la d\u00e9fense de r\u00e9clamations.<\/li>\n\n\n\n<li>S&rsquo;opposer au traitement de vos donn\u00e9es.<\/li>\n\n\n\n<li>Demander la portabilit\u00e9 des donn\u00e9es.<\/li>\n<\/ul>\n\n<p>Pour exercer ces droits, vous pouvez vous adresser \u00e0 <a href=\"mailto:info@miraizenlegal.com\">info@miraizenlegal.com<\/a>, ou \u00e0 l&rsquo;adresse C\/ M\u00e1rtires, 2, 5\u00aa Planta. 50.003 Saragosse, en vous identifiant avec votre nom et pr\u00e9nom, et en joignant une copie de votre DNI\/NIE ou document d&rsquo;identification national. <\/p>\n\n<p><strong>8. S\u00e9curit\u00e9 des donn\u00e9es.<\/strong><\/p>\n\n<p>LOS SITIOS ABOGADOS, S.L., s&rsquo;engage \u00e0 prot\u00e9ger la s\u00e9curit\u00e9 des donn\u00e9es personnelles au moyen de l&rsquo;utilisation de mesures techniques et organisationnelles appropri\u00e9es.<\/p>\n\n<p><strong>9. Modifications de la politique de confidentialit\u00e9.<\/strong><\/p>\n\n<p>Nous nous r\u00e9servons le droit de modifier ou d&rsquo;actualiser la pr\u00e9sente Politique de confidentialit\u00e9 pour l&rsquo;adapter aux nouveaut\u00e9s l\u00e9gislatives ou jurisprudentielles. Dans de tels cas, les changements seront annonc\u00e9s sur cette page \u00e0 l&rsquo;avance. <\/p>\n\n<p><strong>10. R\u00e9seaux sociaux.<\/strong><\/p>\n\n<p>LOS SITIOS ABOGADOS, S.L., poss\u00e8de des profils sur plusieurs r\u00e9seaux sociaux, \u00e9tant responsable du traitement des donn\u00e9es publi\u00e9es sur ceux-ci. <\/p>\n\n<p>Nous n&rsquo;extrayons aucune donn\u00e9e d&rsquo;un r\u00e9seau social, sans le consentement pr\u00e9alable de l&rsquo;utilisateur. <\/p>\n","protected":false},"excerpt":{"rendered":"<p>Politique de confidentialit\u00e9<\/p>\n","protected":false},"author":1,"featured_media":0,"parent":0,"menu_order":0,"comment_status":"closed","ping_status":"open","template":"","meta":{"_acf_changed":false,"_joinchat":[],"footnotes":""},"servicio":[],"class_list":["post-1704","page","type-page","status-publish","hentry"],"acf":[],"mb":[],"mfb_rest_fields":["title"],"_links":{"self":[{"href":"https:\/\/miraizenlegal.com\/fr\/wp-json\/wp\/v2\/pages\/1704","targetHints":{"allow":["GET"]}}],"collection":[{"href":"https:\/\/miraizenlegal.com\/fr\/wp-json\/wp\/v2\/pages"}],"about":[{"href":"https:\/\/miraizenlegal.com\/fr\/wp-json\/wp\/v2\/types\/page"}],"author":[{"embeddable":true,"href":"https:\/\/miraizenlegal.com\/fr\/wp-json\/wp\/v2\/users\/1"}],"replies":[{"embeddable":true,"href":"https:\/\/miraizenlegal.com\/fr\/wp-json\/wp\/v2\/comments?post=1704"}],"version-history":[{"count":1,"href":"https:\/\/miraizenlegal.com\/fr\/wp-json\/wp\/v2\/pages\/1704\/revisions"}],"predecessor-version":[{"id":1705,"href":"https:\/\/miraizenlegal.com\/fr\/wp-json\/wp\/v2\/pages\/1704\/revisions\/1705"}],"wp:attachment":[{"href":"https:\/\/miraizenlegal.com\/fr\/wp-json\/wp\/v2\/media?parent=1704"}],"wp:term":[{"taxonomy":"servicio","embeddable":true,"href":"https:\/\/miraizenlegal.com\/fr\/wp-json\/wp\/v2\/servicio?post=1704"}],"curies":[{"name":"wp","href":"https:\/\/api.w.org\/{rel}","templated":true}]}}