{"id":1808,"date":"2024-09-05T14:48:38","date_gmt":"2024-09-05T12:48:38","guid":{"rendered":"https:\/\/miraizenlegal.com\/contact\/"},"modified":"2026-03-09T16:19:37","modified_gmt":"2026-03-09T15:19:37","slug":"contact","status":"publish","type":"page","link":"https:\/\/miraizenlegal.com\/fr\/contact\/","title":{"rendered":"Contact"},"content":{"rendered":"\n<div style=\"height:32px\" aria-hidden=\"true\" class=\"wp-block-spacer\"><\/div>\n\n<div class=\"wp-block-group is-content-justification-space-between is-layout-flex wp-container-core-group-is-layout-9366075c wp-block-group-is-layout-flex\">\n<div class=\"wp-block-group has-global-padding is-layout-constrained wp-container-core-group-is-layout-fbe8b25d wp-block-group-is-layout-constrained\">\n<p class=\"has-heading-3-font-size\">Nous sommes l\u00e0 pour vous aider<\/p>\n\n\n\n<p>Vous nous trouverez toujours \u00e0 l&rsquo;intersection des rues Technologie et R\u00e9glementation. <\/p>\n\n\n\n<p>Si vous avez besoin de conseils juridiques et fiscaux sur tout aspect affectant les projets technologiques qui mettent en \u0153uvre la technologie blockchain, la tokenisation d&rsquo;actifs, qu&rsquo;ils soient num\u00e9riques ou r\u00e9els, ou sur la fiscalit\u00e9 des crypto-actifs, n&rsquo;h\u00e9sitez pas \u00e0 nous contacter. <\/p>\n<\/div>\n<\/div>\n\n<div style=\"height:40px\" aria-hidden=\"true\" class=\"wp-block-spacer\"><\/div>\n\n<div class=\"wp-block-columns is-layout-flex wp-container-core-columns-is-layout-8eafb21d wp-block-columns-is-layout-flex\" style=\"margin-top:0px\">\n<div class=\"wp-block-column is-layout-flow wp-block-column-is-layout-flow\">\n<div class=\"wp-block-group has-primary-80-background-color has-background has-global-padding is-layout-constrained wp-container-core-group-is-layout-c385debf wp-block-group-is-layout-constrained\" style=\"border-radius:16px;min-height:100%;padding-top:var(--wp--preset--spacing--20);padding-right:var(--wp--preset--spacing--20);padding-bottom:var(--wp--preset--spacing--20);padding-left:var(--wp--preset--spacing--20)\"><div class=\"wp-block-safe-svg-svg-icon safe-svg-cover\" style=\"text-align: left;\">\n\t\t\t\t<div class=\"safe-svg-inside safe-svg-inline\" style=\"width: 32px; height: 32px; background-color: var(--wp--preset--color--); color: var(--wp--preset--color--); padding-top: ; padding-right: ; padding-bottom: ; padding-left: ; margin-top: ; margin-right: ; margin-bottom: ; margin-left: ;\"><?xml version=\"1.0\" encoding=\"UTF-8\"?> <svg xmlns=\"http:\/\/www.w3.org\/2000\/svg\" width=\"24\" height=\"24\" viewBox=\"0 0 24 24\" fill=\"none\"><path fill-rule=\"evenodd\" clip-rule=\"evenodd\" d=\"M12 2C15.31 2 18 4.69 18 8C18 12.5 12 19 12 19C12 19 6 12.5 6 8C6 4.69 8.69 2 12 2ZM19 22V20H5V22H19ZM8 8C8 5.79 9.79 4 12 4C14.21 4 16 5.79 16 8C16 10.13 13.92 13.46 12 15.91C10.08 13.47 8 10.13 8 8ZM10 8C10 6.9 10.9 6 12 6C13.1 6 14 6.9 14 8C14 9.1 13.11 10 12 10C10.9 10 10 9.1 10 8Z\" fill=\"#242423\"><\/path><\/svg> <\/div>\n\t\t\t<\/div>\n\n\n<div style=\"height:40px\" aria-hidden=\"true\" class=\"wp-block-spacer\"><\/div>\n\n\n\n<h2 class=\"wp-block-heading has-heading-4-font-size\">Miraizen Legal<\/h2>\n\n\n\n<p><strong>Adresse du si\u00e8ge social<\/strong><\/p>\n\n\n\n<p>C\/ M\u00e1rtires, 2, 5e \u00e9tage.<br\/>50.003, Saragosse (Espagne)<\/p>\n<\/div>\n<\/div>\n\n\n\n<div class=\"wp-block-column is-layout-flow wp-block-column-is-layout-flow\">\n<div class=\"wp-block-group has-primary-background-color has-background has-global-padding is-layout-constrained wp-container-core-group-is-layout-c385debf wp-block-group-is-layout-constrained\" style=\"border-radius:16px;padding-top:var(--wp--preset--spacing--20);padding-right:var(--wp--preset--spacing--20);padding-bottom:var(--wp--preset--spacing--20);padding-left:var(--wp--preset--spacing--20)\"><div class=\"wp-block-safe-svg-svg-icon safe-svg-cover\" style=\"text-align: left;\">\n\t\t\t\t<div class=\"safe-svg-inside safe-svg-inline\" style=\"width: 32px; height: 32px; background-color: var(--wp--preset--color--); color: var(--wp--preset--color--); padding-top: ; padding-right: ; padding-bottom: ; padding-left: ; margin-top: ; margin-right: ; margin-bottom: ; margin-left: ;\"><?xml version=\"1.0\" encoding=\"UTF-8\"?> <svg xmlns=\"http:\/\/www.w3.org\/2000\/svg\" width=\"24\" height=\"24\" viewBox=\"0 0 24 24\" fill=\"none\"><path d=\"M22 16.9201V19.9201C22.0011 20.1986 21.9441 20.4743 21.8325 20.7294C21.7209 20.9846 21.5573 21.2137 21.3521 21.402C21.1468 21.5902 20.9046 21.7336 20.6407 21.8228C20.3769 21.912 20.0974 21.9452 19.82 21.9201C16.7428 21.5857 13.787 20.5342 11.19 18.8501C8.77382 17.3148 6.72533 15.2663 5.18999 12.8501C3.49997 10.2413 2.44824 7.27109 2.11999 4.1801C2.095 3.90356 2.12787 3.62486 2.21649 3.36172C2.30512 3.09859 2.44756 2.85679 2.63476 2.65172C2.82196 2.44665 3.0498 2.28281 3.30379 2.17062C3.55777 2.05843 3.83233 2.00036 4.10999 2.0001H7.10999C7.5953 1.99532 8.06579 2.16718 8.43376 2.48363C8.80173 2.80008 9.04207 3.23954 9.10999 3.7201C9.23662 4.68016 9.47144 5.62282 9.80999 6.5301C9.94454 6.88802 9.97366 7.27701 9.8939 7.65098C9.81415 8.02494 9.62886 8.36821 9.35999 8.6401L8.08999 9.9101C9.51355 12.4136 11.5864 14.4865 14.09 15.9101L15.36 14.6401C15.6319 14.3712 15.9751 14.1859 16.3491 14.1062C16.7231 14.0264 17.1121 14.0556 17.47 14.1901C18.3773 14.5286 19.3199 14.7635 20.28 14.8901C20.7658 14.9586 21.2094 15.2033 21.5265 15.5776C21.8437 15.9519 22.0122 16.4297 22 16.9201Z\" stroke=\"#242423\" stroke-width=\"1.5\" stroke-linecap=\"round\" stroke-linejoin=\"round\"><\/path><\/svg> <\/div>\n\t\t\t<\/div>\n\n\n<div style=\"height:40px\" aria-hidden=\"true\" class=\"wp-block-spacer\"><\/div>\n\n\n\n<p class=\"has-heading-font-font-family has-heading-4-font-size\">T\u00e9l\u00e9phone<\/p>\n\n\n\n<p><strong>Appelez-nous. Les heures d&rsquo;ouverture sont du lundi au vendredi de 8h00 \u00e0 18h00. <\/strong><\/p>\n\n\n\n<p class=\"hidden-mobile has-text-medium-color has-text-color has-link-color wp-elements-9cefa01c70bee8b75f0def14f5da77d8\"><a href=\"tel:655322442\">+34 655 322 442<\/a><br\/><a href=\"tel:+34976797979\">+34 976 79 79 79<\/a><\/p>\n<\/div>\n<\/div>\n\n\n\n<div class=\"wp-block-column is-layout-flow wp-block-column-is-layout-flow\">\n<div class=\"wp-block-group has-primary-30-background-color has-background has-global-padding is-layout-constrained wp-container-core-group-is-layout-c385debf wp-block-group-is-layout-constrained\" style=\"border-radius:16px;min-height:100%;padding-top:var(--wp--preset--spacing--20);padding-right:var(--wp--preset--spacing--20);padding-bottom:var(--wp--preset--spacing--20);padding-left:var(--wp--preset--spacing--20)\"><div class=\"wp-block-safe-svg-svg-icon safe-svg-cover\" style=\"text-align: left;\">\n\t\t\t\t<div class=\"safe-svg-inside safe-svg-inline\" style=\"width: 32px; height: 32px; background-color: var(--wp--preset--color--); color: var(--wp--preset--color--); padding-top: ; padding-right: ; padding-bottom: ; padding-left: ; margin-top: ; margin-right: ; margin-bottom: ; margin-left: ;\"><?xml version=\"1.0\" encoding=\"UTF-8\"?> <svg xmlns=\"http:\/\/www.w3.org\/2000\/svg\" width=\"24\" height=\"24\" viewBox=\"0 0 24 24\" fill=\"none\"><rect x=\"1.75\" y=\"3.75\" width=\"20.5\" height=\"16.5\" stroke=\"#242423\" stroke-width=\"1.5\"><\/rect><path d=\"M2 6L12 13L22 6\" stroke=\"#242423\" stroke-width=\"1.5\"><\/path><\/svg> <\/div>\n\t\t\t<\/div>\n\n\n<div style=\"height:40px\" aria-hidden=\"true\" class=\"wp-block-spacer\"><\/div>\n\n\n\n<h2 class=\"wp-block-heading has-heading-4-font-size\">Courriel<\/h2>\n\n\n\n<p><strong>Si vous pr\u00e9f\u00e9rez, vous pouvez nous \u00e9crire un courriel \u00e0 cette adresse<\/strong><\/p>\n\n\n\n<p class=\"has-foreground-color has-text-color has-link-color wp-elements-f3d444fda5eb5ef020d3d4aa178ef40c\"><a href=\"mailto:hola@miraizenlegal.com\"><\/a><a href=\"mailto:info@miraizenlegal.com\">info@miraizenlegal.com<\/a><\/p>\n<\/div>\n<\/div>\n<\/div>\n\n<div style=\"height:40px\" aria-hidden=\"true\" class=\"wp-block-spacer\"><\/div>\n\n<div class=\"wp-block-group alignfull has-global-padding is-layout-constrained wp-block-group-is-layout-constrained\" style=\"border-top-color:var(--wp--preset--color--neutral-40);border-top-width:1px;border-right-style:none;border-right-width:0px;border-bottom-style:none;border-bottom-width:0px;border-left-style:none;border-left-width:0px;padding-top:var(--wp--preset--spacing--70);padding-bottom:var(--wp--preset--spacing--70)\">\n<div class=\"wp-block-columns is-layout-flex wp-container-core-columns-is-layout-cf05694f wp-block-columns-is-layout-flex\">\n<div class=\"wp-block-column is-layout-flow wp-block-column-is-layout-flow\">\n<p class=\"has-heading-3-font-size\">Vous pouvez \u00e9galement nous envoyer un message via le formulaire<\/p>\n\n\n\n<p class=\"has-subtitle-font-size\">Votre demande sera trait\u00e9e dans les plus brefs d\u00e9lais par notre \u00e9quipe sp\u00e9cialis\u00e9e.<\/p>\n<\/div>\n\n\n\n<div class=\"wp-block-column is-layout-flow wp-block-column-is-layout-flow\">\n<div class=\"wp-block-contact-form-7-contact-form-selector\">\n<div class=\"wpcf7 no-js\" id=\"wpcf7-f1667-o1\" lang=\"fr-FR\" dir=\"ltr\" data-wpcf7-id=\"1667\">\n<div class=\"screen-reader-response\"><p role=\"status\" aria-live=\"polite\" aria-atomic=\"true\"><\/p> <ul><\/ul><\/div>\n<form action=\"\/fr\/wp-json\/wp\/v2\/pages\/1808#wpcf7-f1667-o1\" method=\"post\" class=\"wpcf7-form init\" aria-label=\"Formulaire de contact\" novalidate=\"novalidate\" data-status=\"init\">\n<fieldset class=\"hidden-fields-container\"><input type=\"hidden\" name=\"_wpcf7\" value=\"1667\" \/><input type=\"hidden\" name=\"_wpcf7_version\" value=\"6.1.5\" \/><input type=\"hidden\" name=\"_wpcf7_locale\" value=\"fr_FR\" \/><input type=\"hidden\" name=\"_wpcf7_unit_tag\" value=\"wpcf7-f1667-o1\" \/><input type=\"hidden\" name=\"_wpcf7_container_post\" value=\"0\" \/><input type=\"hidden\" name=\"_wpcf7_posted_data_hash\" value=\"\" \/>\n<\/fieldset>\n<div class=\"mb-1\"><label> Votre nom*\n    <span class=\"wpcf7-form-control-wrap\" data-name=\"your-name\"><input size=\"40\" maxlength=\"400\" class=\"wpcf7-form-control wpcf7-text wpcf7-validates-as-required\" autocomplete=\"name\" aria-required=\"true\" aria-invalid=\"false\" value=\"\" type=\"text\" name=\"your-name\" \/><\/span> <\/label><\/div>\n\n<div class=\"mb-1\"><label> E-mail*\n    <span class=\"wpcf7-form-control-wrap\" data-name=\"your-email\"><input size=\"40\" maxlength=\"400\" class=\"wpcf7-form-control wpcf7-email wpcf7-validates-as-required wpcf7-text wpcf7-validates-as-email\" autocomplete=\"email\" aria-required=\"true\" aria-invalid=\"false\" value=\"\" type=\"email\" name=\"your-email\" \/><\/span> <\/label><\/div>\n\n<div class=\"mb-1\"><label> T\u00e9l\u00e9phone (facultatif)\n    <span class=\"wpcf7-form-control-wrap\" data-name=\"your-phone\"><input size=\"40\" maxlength=\"400\" class=\"wpcf7-form-control wpcf7-tel wpcf7-text wpcf7-validates-as-tel\" autocomplete=\"tel\" aria-invalid=\"false\" value=\"\" type=\"tel\" name=\"your-phone\" \/><\/span> <\/label><\/div>\n\n<div class=\"mb-1\"><label>  Message*\n <span class=\"wpcf7-form-control-wrap\" data-name=\"your-message\"><textarea cols=\"40\" rows=\"10\" maxlength=\"2000\" class=\"wpcf7-form-control wpcf7-textarea wpcf7-validates-as-required\" aria-required=\"true\" aria-invalid=\"false\" placeholder=\"D\u00e9crivez ici votre situation avec le plus de d\u00e9tails possible : ce qui s&#039;est pass\u00e9, ce que vous souhaitez faire, quels cryptoactifs sont concern\u00e9s, o\u00f9 ils se trouvent, et ce dont vous avez besoin de notre part (conseil fiscal, analyse juridique, devis pour un service, etc.).\" name=\"your-message\"><\/textarea><\/span> <\/label><\/div>\n\n<input class=\"wpcf7-form-control wpcf7-hidden\" value=\"Demande web\" type=\"hidden\" name=\"your-subject\" \/>\n<div class=\"mb-1\"><span class=\"wpcf7-form-control-wrap\" data-name=\"acceptance-920\"><span class=\"wpcf7-form-control wpcf7-acceptance\"><span class=\"wpcf7-list-item\"><label><input type=\"checkbox\" name=\"acceptance-920\" value=\"1\" aria-invalid=\"false\" \/><span class=\"wpcf7-list-item-label\">J'ai lu et j'accepte la <a href=\"https:\/\/miraizenlegal.com\/politica-privacidad\/\">politique de confidentialit\u00e9<\/a><\/span><\/label><\/span><\/span><\/span><\/div>\n\n<div class=\"mt-1\"><input class=\"wpcf7-form-control wpcf7-submit has-spinner\" type=\"submit\" value=\"Envoyer\" \/><\/div><div class=\"wpcf7-response-output\" aria-hidden=\"true\"><\/div>\n<\/form>\n<\/div>\n<\/div>\n<\/div>\n<\/div>\n<\/div>\n","protected":false},"excerpt":{"rendered":"<p>Vous avez des questions d&rsquo;ordre juridique ou fiscal concernant les crypto-actifs?<\/p>\n","protected":false},"author":1,"featured_media":0,"parent":0,"menu_order":0,"comment_status":"closed","ping_status":"closed","template":"","meta":{"_acf_changed":false,"_joinchat":[],"footnotes":""},"servicio":[],"class_list":["post-1808","page","type-page","status-publish","hentry"],"acf":[],"mb":[],"mfb_rest_fields":["title"],"_links":{"self":[{"href":"https:\/\/miraizenlegal.com\/fr\/wp-json\/wp\/v2\/pages\/1808","targetHints":{"allow":["GET"]}}],"collection":[{"href":"https:\/\/miraizenlegal.com\/fr\/wp-json\/wp\/v2\/pages"}],"about":[{"href":"https:\/\/miraizenlegal.com\/fr\/wp-json\/wp\/v2\/types\/page"}],"author":[{"embeddable":true,"href":"https:\/\/miraizenlegal.com\/fr\/wp-json\/wp\/v2\/users\/1"}],"replies":[{"embeddable":true,"href":"https:\/\/miraizenlegal.com\/fr\/wp-json\/wp\/v2\/comments?post=1808"}],"version-history":[{"count":9,"href":"https:\/\/miraizenlegal.com\/fr\/wp-json\/wp\/v2\/pages\/1808\/revisions"}],"predecessor-version":[{"id":2100,"href":"https:\/\/miraizenlegal.com\/fr\/wp-json\/wp\/v2\/pages\/1808\/revisions\/2100"}],"wp:attachment":[{"href":"https:\/\/miraizenlegal.com\/fr\/wp-json\/wp\/v2\/media?parent=1808"}],"wp:term":[{"taxonomy":"servicio","embeddable":true,"href":"https:\/\/miraizenlegal.com\/fr\/wp-json\/wp\/v2\/servicio?post=1808"}],"curies":[{"name":"wp","href":"https:\/\/api.w.org\/{rel}","templated":true}]}}